{"id":91,"date":"2017-11-23T12:09:55","date_gmt":"2017-11-23T11:09:55","guid":{"rendered":"https:\/\/conseia.cluster027.hosting.ovh.net\/?page_id=91"},"modified":"2017-11-26T17:35:44","modified_gmt":"2017-11-26T16:35:44","slug":"en-couple","status":"publish","type":"page","link":"https:\/\/conseil-conjugal-angers.org\/index.php\/pourquoi-consulter\/en-couple\/","title":{"rendered":"en couple"},"content":{"rendered":"<p>&nbsp;<\/p>\n<p><img loading=\"lazy\" decoding=\"async\" class=\" wp-image-92 alignleft\" src=\"http:\/\/conseia.cluster027.hosting.ovh.net\/wp-content\/uploads\/2017\/11\/bras-de-fer-couple-300x195.jpg\" alt=\"\" width=\"263\" height=\"171\" srcset=\"https:\/\/conseil-conjugal-angers.org\/wp-content\/uploads\/2017\/11\/bras-de-fer-couple-300x195.jpg 300w, https:\/\/conseil-conjugal-angers.org\/wp-content\/uploads\/2017\/11\/bras-de-fer-couple-768x500.jpg 768w, https:\/\/conseil-conjugal-angers.org\/wp-content\/uploads\/2017\/11\/bras-de-fer-couple.jpg 1000w\" sizes=\"(max-width: 263px) 100vw, 263px\" \/><\/p>\n<p>Confrontations, d\u00e9ceptions, larmes, solitude, incompr\u00e9hensions, violences, souffrances<br \/>\n\u00ab On ne se comprend plus \u00bb<br \/>\n\u00abJe ne l\u2019aime plus comme avant\u00bb<br \/>\n\u00ab Elle m\u2019a tromp\u00e9\u2026rien ne sera plus jamais comme avant \u00bb<br \/>\n\u00ab Elle ne me fait que des reproches \u00bb<br \/>\n\u00ab Il ne m\u2019\u00e9coute pas \u00bb<br \/>\n\u00ab Je n\u2019ai m\u00eame plus envie de lui \u00bb<\/p>\n<p style=\"text-align: left;\">Lorsque les dysfonctionnements, les conflits, la solitude, le d\u00e9couragement et les non-dits paraissent insurmontables seuls et font souffrir, une conseill\u00e8re conjugale peut \u00eatre une aide pr\u00e9cieuse. Mon travail d\u2019accompagnement est centr\u00e9 sur la vie relationnelle, affective et sexuelle des conjoints.<\/p>\n<p style=\"text-align: left;\">Je propose aux couples de prendre le temps et le recul n\u00e9cessaires pour regarder autrement ce qui bloque et fait souffrir. Mon travail ne s\u2019arr\u00eate pas \u00e0 la parole mais passe par des interrogations et des exercices concrets.<\/p>\n<p style=\"text-align: left;\">Cet accompagnement leur permet d\u2019apaiser la situation, de parler en v\u00e9rit\u00e9 et de trouver de nouveaux modes de fonctionnement dans la relation pour un mieux-\u00eatre effectif.<br \/>\nSi votre conjoint ne souhaite pas venir, vous pouvez venir consulter seul(e).<\/p>\n<p style=\"text-align: left;\"><strong>Lorsqu\u2019une personne effectue un travail et d\u00e9cide d\u2019agir, la relation bouge in\u00e9vitablement.\u00a0 \u00a0<\/strong><\/p>\n<p style=\"text-align: left;\">\u00a0<img loading=\"lazy\" decoding=\"async\" class=\"alignnone wp-image-48\" src=\"http:\/\/conseia.cluster027.hosting.ovh.net\/wp-content\/uploads\/2017\/11\/conseil-conjugal-oise_trouver_equilibre-1-300x138.jpg\" alt=\"\" width=\"793\" height=\"365\" srcset=\"https:\/\/conseil-conjugal-angers.org\/wp-content\/uploads\/2017\/11\/conseil-conjugal-oise_trouver_equilibre-1-300x138.jpg 300w, https:\/\/conseil-conjugal-angers.org\/wp-content\/uploads\/2017\/11\/conseil-conjugal-oise_trouver_equilibre-1-768x353.jpg 768w, https:\/\/conseil-conjugal-angers.org\/wp-content\/uploads\/2017\/11\/conseil-conjugal-oise_trouver_equilibre-1-1024x471.jpg 1024w, https:\/\/conseil-conjugal-angers.org\/wp-content\/uploads\/2017\/11\/conseil-conjugal-oise_trouver_equilibre-1.jpg 2000w\" sizes=\"(max-width: 793px) 100vw, 793px\" \/><\/p>\n","protected":false},"excerpt":{"rendered":"<p>&nbsp; Confrontations, d\u00e9ceptions, larmes, solitude, incompr\u00e9hensions, violences, souffrances \u00ab On ne se comprend plus \u00bb \u00abJe ne l\u2019aime plus comme avant\u00bb \u00ab Elle m\u2019a tromp\u00e9\u2026rien ne sera plus jamais comme &#8230;<\/p>\n","protected":false},"author":1,"featured_media":0,"parent":72,"menu_order":0,"comment_status":"closed","ping_status":"closed","template":"","meta":{"footnotes":""},"class_list":["post-91","page","type-page","status-publish","hentry"],"yoast_head":"<!-- This site is optimized with the Yoast SEO plugin v24.8.1 - https:\/\/yoast.com\/wordpress\/plugins\/seo\/ -->\n<title>en couple - Gw\u00e9nola Desombre<\/title>\n<meta name=\"robots\" content=\"index, follow, max-snippet:-1, max-image-preview:large, max-video-preview:-1\" \/>\n<link rel=\"canonical\" href=\"https:\/\/conseil-conjugal-angers.org\/index.php\/pourquoi-consulter\/en-couple\/\" \/>\n<meta property=\"og:locale\" content=\"fr_FR\" \/>\n<meta property=\"og:type\" content=\"article\" \/>\n<meta property=\"og:title\" content=\"en couple - Gw\u00e9nola Desombre\" \/>\n<meta property=\"og:description\" content=\"&nbsp; Confrontations, d\u00e9ceptions, larmes, solitude, incompr\u00e9hensions, violences, souffrances \u00ab On ne se comprend plus \u00bb \u00abJe ne l\u2019aime plus comme avant\u00bb \u00ab Elle m\u2019a tromp\u00e9\u2026rien ne sera plus jamais comme ...\" \/>\n<meta property=\"og:url\" content=\"https:\/\/conseil-conjugal-angers.org\/index.php\/pourquoi-consulter\/en-couple\/\" \/>\n<meta property=\"og:site_name\" content=\"Gw\u00e9nola Desombre\" \/>\n<meta property=\"article:modified_time\" content=\"2017-11-26T16:35:44+00:00\" \/>\n<meta property=\"og:image\" content=\"http:\/\/conseia.cluster027.hosting.ovh.net\/wp-content\/uploads\/2017\/11\/bras-de-fer-couple-300x195.jpg\" \/>\n<meta name=\"twitter:card\" content=\"summary_large_image\" \/>\n<meta name=\"twitter:label1\" content=\"Dur\u00e9e de lecture estim\u00e9e\" \/>\n\t<meta name=\"twitter:data1\" content=\"1 minute\" \/>\n<script type=\"application\/ld+json\" class=\"yoast-schema-graph\">{\"@context\":\"https:\/\/schema.org\",\"@graph\":[{\"@type\":\"WebPage\",\"@id\":\"https:\/\/conseil-conjugal-angers.org\/index.php\/pourquoi-consulter\/en-couple\/\",\"url\":\"https:\/\/conseil-conjugal-angers.org\/index.php\/pourquoi-consulter\/en-couple\/\",\"name\":\"en couple - Gw\u00e9nola Desombre\",\"isPartOf\":{\"@id\":\"https:\/\/conseil-conjugal-angers.org\/#website\"},\"primaryImageOfPage\":{\"@id\":\"https:\/\/conseil-conjugal-angers.org\/index.php\/pourquoi-consulter\/en-couple\/#primaryimage\"},\"image\":{\"@id\":\"https:\/\/conseil-conjugal-angers.org\/index.php\/pourquoi-consulter\/en-couple\/#primaryimage\"},\"thumbnailUrl\":\"http:\/\/conseia.cluster027.hosting.ovh.net\/wp-content\/uploads\/2017\/11\/bras-de-fer-couple-300x195.jpg\",\"datePublished\":\"2017-11-23T11:09:55+00:00\",\"dateModified\":\"2017-11-26T16:35:44+00:00\",\"breadcrumb\":{\"@id\":\"https:\/\/conseil-conjugal-angers.org\/index.php\/pourquoi-consulter\/en-couple\/#breadcrumb\"},\"inLanguage\":\"fr-FR\",\"potentialAction\":[{\"@type\":\"ReadAction\",\"target\":[\"https:\/\/conseil-conjugal-angers.org\/index.php\/pourquoi-consulter\/en-couple\/\"]}]},{\"@type\":\"ImageObject\",\"inLanguage\":\"fr-FR\",\"@id\":\"https:\/\/conseil-conjugal-angers.org\/index.php\/pourquoi-consulter\/en-couple\/#primaryimage\",\"url\":\"http:\/\/conseia.cluster027.hosting.ovh.net\/wp-content\/uploads\/2017\/11\/bras-de-fer-couple-300x195.jpg\",\"contentUrl\":\"http:\/\/conseia.cluster027.hosting.ovh.net\/wp-content\/uploads\/2017\/11\/bras-de-fer-couple-300x195.jpg\"},{\"@type\":\"BreadcrumbList\",\"@id\":\"https:\/\/conseil-conjugal-angers.org\/index.php\/pourquoi-consulter\/en-couple\/#breadcrumb\",\"itemListElement\":[{\"@type\":\"ListItem\",\"position\":1,\"name\":\"Home\",\"item\":\"https:\/\/conseil-conjugal-angers.org\/\"},{\"@type\":\"ListItem\",\"position\":2,\"name\":\"Pourquoi consulter ?\",\"item\":\"https:\/\/conseil-conjugal-angers.org\/index.php\/pourquoi-consulter\/\"},{\"@type\":\"ListItem\",\"position\":3,\"name\":\"en couple\"}]},{\"@type\":\"WebSite\",\"@id\":\"https:\/\/conseil-conjugal-angers.org\/#website\",\"url\":\"https:\/\/conseil-conjugal-angers.org\/\",\"name\":\"Gw\u00e9nola Desombre\",\"description\":\"Conseill\u00e8re conjugale et familiale\",\"potentialAction\":[{\"@type\":\"SearchAction\",\"target\":{\"@type\":\"EntryPoint\",\"urlTemplate\":\"https:\/\/conseil-conjugal-angers.org\/?s={search_term_string}\"},\"query-input\":{\"@type\":\"PropertyValueSpecification\",\"valueRequired\":true,\"valueName\":\"search_term_string\"}}],\"inLanguage\":\"fr-FR\"}]}<\/script>\n<!-- \/ Yoast SEO plugin. -->","yoast_head_json":{"title":"en couple - Gw\u00e9nola Desombre","robots":{"index":"index","follow":"follow","max-snippet":"max-snippet:-1","max-image-preview":"max-image-preview:large","max-video-preview":"max-video-preview:-1"},"canonical":"https:\/\/conseil-conjugal-angers.org\/index.php\/pourquoi-consulter\/en-couple\/","og_locale":"fr_FR","og_type":"article","og_title":"en couple - Gw\u00e9nola Desombre","og_description":"&nbsp; Confrontations, d\u00e9ceptions, larmes, solitude, incompr\u00e9hensions, violences, souffrances \u00ab On ne se comprend plus \u00bb \u00abJe ne l\u2019aime plus comme avant\u00bb \u00ab Elle m\u2019a tromp\u00e9\u2026rien ne sera plus jamais comme ...","og_url":"https:\/\/conseil-conjugal-angers.org\/index.php\/pourquoi-consulter\/en-couple\/","og_site_name":"Gw\u00e9nola Desombre","article_modified_time":"2017-11-26T16:35:44+00:00","og_image":[{"url":"http:\/\/conseia.cluster027.hosting.ovh.net\/wp-content\/uploads\/2017\/11\/bras-de-fer-couple-300x195.jpg","type":"","width":"","height":""}],"twitter_card":"summary_large_image","twitter_misc":{"Dur\u00e9e de lecture estim\u00e9e":"1 minute"},"schema":{"@context":"https:\/\/schema.org","@graph":[{"@type":"WebPage","@id":"https:\/\/conseil-conjugal-angers.org\/index.php\/pourquoi-consulter\/en-couple\/","url":"https:\/\/conseil-conjugal-angers.org\/index.php\/pourquoi-consulter\/en-couple\/","name":"en couple - Gw\u00e9nola Desombre","isPartOf":{"@id":"https:\/\/conseil-conjugal-angers.org\/#website"},"primaryImageOfPage":{"@id":"https:\/\/conseil-conjugal-angers.org\/index.php\/pourquoi-consulter\/en-couple\/#primaryimage"},"image":{"@id":"https:\/\/conseil-conjugal-angers.org\/index.php\/pourquoi-consulter\/en-couple\/#primaryimage"},"thumbnailUrl":"http:\/\/conseia.cluster027.hosting.ovh.net\/wp-content\/uploads\/2017\/11\/bras-de-fer-couple-300x195.jpg","datePublished":"2017-11-23T11:09:55+00:00","dateModified":"2017-11-26T16:35:44+00:00","breadcrumb":{"@id":"https:\/\/conseil-conjugal-angers.org\/index.php\/pourquoi-consulter\/en-couple\/#breadcrumb"},"inLanguage":"fr-FR","potentialAction":[{"@type":"ReadAction","target":["https:\/\/conseil-conjugal-angers.org\/index.php\/pourquoi-consulter\/en-couple\/"]}]},{"@type":"ImageObject","inLanguage":"fr-FR","@id":"https:\/\/conseil-conjugal-angers.org\/index.php\/pourquoi-consulter\/en-couple\/#primaryimage","url":"http:\/\/conseia.cluster027.hosting.ovh.net\/wp-content\/uploads\/2017\/11\/bras-de-fer-couple-300x195.jpg","contentUrl":"http:\/\/conseia.cluster027.hosting.ovh.net\/wp-content\/uploads\/2017\/11\/bras-de-fer-couple-300x195.jpg"},{"@type":"BreadcrumbList","@id":"https:\/\/conseil-conjugal-angers.org\/index.php\/pourquoi-consulter\/en-couple\/#breadcrumb","itemListElement":[{"@type":"ListItem","position":1,"name":"Home","item":"https:\/\/conseil-conjugal-angers.org\/"},{"@type":"ListItem","position":2,"name":"Pourquoi consulter ?","item":"https:\/\/conseil-conjugal-angers.org\/index.php\/pourquoi-consulter\/"},{"@type":"ListItem","position":3,"name":"en couple"}]},{"@type":"WebSite","@id":"https:\/\/conseil-conjugal-angers.org\/#website","url":"https:\/\/conseil-conjugal-angers.org\/","name":"Gw\u00e9nola Desombre","description":"Conseill\u00e8re conjugale et familiale","potentialAction":[{"@type":"SearchAction","target":{"@type":"EntryPoint","urlTemplate":"https:\/\/conseil-conjugal-angers.org\/?s={search_term_string}"},"query-input":{"@type":"PropertyValueSpecification","valueRequired":true,"valueName":"search_term_string"}}],"inLanguage":"fr-FR"}]}},"_links":{"self":[{"href":"https:\/\/conseil-conjugal-angers.org\/index.php\/wp-json\/wp\/v2\/pages\/91"}],"collection":[{"href":"https:\/\/conseil-conjugal-angers.org\/index.php\/wp-json\/wp\/v2\/pages"}],"about":[{"href":"https:\/\/conseil-conjugal-angers.org\/index.php\/wp-json\/wp\/v2\/types\/page"}],"author":[{"embeddable":true,"href":"https:\/\/conseil-conjugal-angers.org\/index.php\/wp-json\/wp\/v2\/users\/1"}],"replies":[{"embeddable":true,"href":"https:\/\/conseil-conjugal-angers.org\/index.php\/wp-json\/wp\/v2\/comments?post=91"}],"version-history":[{"count":0,"href":"https:\/\/conseil-conjugal-angers.org\/index.php\/wp-json\/wp\/v2\/pages\/91\/revisions"}],"up":[{"embeddable":true,"href":"https:\/\/conseil-conjugal-angers.org\/index.php\/wp-json\/wp\/v2\/pages\/72"}],"wp:attachment":[{"href":"https:\/\/conseil-conjugal-angers.org\/index.php\/wp-json\/wp\/v2\/media?parent=91"}],"curies":[{"name":"wp","href":"https:\/\/api.w.org\/{rel}","templated":true}]}}