{"id":72,"date":"2017-11-23T11:31:36","date_gmt":"2017-11-23T10:31:36","guid":{"rendered":"https:\/\/conseia.cluster027.hosting.ovh.net\/?page_id=72"},"modified":"2025-04-04T12:26:44","modified_gmt":"2025-04-04T10:26:44","slug":"pourquoi-consulter","status":"publish","type":"page","link":"https:\/\/conseil-conjugal-angers.org\/index.php\/pourquoi-consulter\/","title":{"rendered":"Pourquoi consulter ?"},"content":{"rendered":"\n<p>Accompagn\u00e9(s) par une conseill\u00e8re conjugale, vous pourrez dans un cadre neutre et professionnel:<\/p>\n\n\n\n<p>\u2022 Apaiser la relation<br>\u2022 Vous sentir \u00e9cout\u00e9(s) et respect\u00e9(s) dans vos difficult\u00e9s relationnelles, affectives et sexuelles.<br>\u2022 Reprendre confiance en vous.<br>\u2022 Mettre en lumi\u00e8re les besoins de chacun<br>\u2022 Exprimer votre ressenti, vos \u00e9motions et les non-dits du quotidien<br>\u2022 Trouver des clefs pour d\u00e9cider ensuite ce que vous voulez en cr\u00e9ant une nouvelle dynamique relationnelle.<\/p>\n\n\n\n<p>L\u2019entretien dure entre 1h et 1h30.<br>Le nombre d\u2019entretiens se pr\u00e9voit ensemble.<br>Le co\u00fbt d\u2019une consultation est de 60 euros seul ou en couple.<\/p>\n\n\n\n<h2 class=\"wp-block-heading\"><strong> Il n\u2019est jamais trop tard pour se remettre <br>en marche et avancer !<br><\/strong><\/h2>\n\n\n\n<p><\/p>\n\n\n\n<p><\/p>\n\n\n\n<h3 class=\"wp-block-heading\"><a href=\"https:\/\/conseil-conjugal-angers.org\/index.php\/pourquoi-consulter\/en-couple\/\"><mark style=\"background-color:rgba(0, 0, 0, 0)\" class=\"has-inline-color has-vivid-cyan-blue-color\">EN&nbsp;COUPLE<\/mark><\/a><\/h3>\n\n\n<div class=\"wp-block-image\">\n<figure class=\"alignleft is-resized\"><a href=\"https:\/\/conseil-conjugal-angers.org\/index.php\/pourquoi-consulter\/en-couple\/\"><img loading=\"lazy\" decoding=\"async\" width=\"300\" height=\"138\" src=\"http:\/\/conseia.cluster027.hosting.ovh.net\/wp-content\/uploads\/2017\/11\/conseil-conjugal-oise_trouver_equilibre-1-300x138.jpg\" alt=\"\" class=\"wp-image-48\" style=\"width:481px;height:auto\" srcset=\"https:\/\/conseil-conjugal-angers.org\/wp-content\/uploads\/2017\/11\/conseil-conjugal-oise_trouver_equilibre-1-300x138.jpg 300w, https:\/\/conseil-conjugal-angers.org\/wp-content\/uploads\/2017\/11\/conseil-conjugal-oise_trouver_equilibre-1-768x353.jpg 768w, https:\/\/conseil-conjugal-angers.org\/wp-content\/uploads\/2017\/11\/conseil-conjugal-oise_trouver_equilibre-1-1024x471.jpg 1024w, https:\/\/conseil-conjugal-angers.org\/wp-content\/uploads\/2017\/11\/conseil-conjugal-oise_trouver_equilibre-1.jpg 2000w\" sizes=\"(max-width: 300px) 100vw, 300px\" \/><\/a><\/figure><\/div>\n\n\n<p><\/p>\n\n\n\n<p>&nbsp;&nbsp;&nbsp;<\/p>\n\n\n\n<h3 class=\"wp-block-heading has-text-align-right\"><a href=\"https:\/\/conseil-conjugal-angers.org\/index.php\/pourquoi-consulter\/en-famille\/\"><mark style=\"background-color:rgba(0, 0, 0, 0)\" class=\"has-inline-color has-vivid-cyan-blue-color\">EN&nbsp;FAMILLE<\/mark><\/a><\/h3>\n\n\n<div class=\"wp-block-image\">\n<figure class=\"alignright is-resized\"><a href=\"https:\/\/conseil-conjugal-angers.org\/index.php\/pourquoi-consulter\/en-famille\/\"><img loading=\"lazy\" decoding=\"async\" width=\"300\" height=\"142\" src=\"http:\/\/conseia.cluster027.hosting.ovh.net\/wp-content\/uploads\/2017\/11\/cropped-conseil-conjugal-oise_voir_autrement-300x142.jpeg\" alt=\"\" class=\"wp-image-55\" style=\"width:451px;height:auto\" srcset=\"https:\/\/conseil-conjugal-angers.org\/wp-content\/uploads\/2017\/11\/cropped-conseil-conjugal-oise_voir_autrement-300x142.jpeg 300w, https:\/\/conseil-conjugal-angers.org\/wp-content\/uploads\/2017\/11\/cropped-conseil-conjugal-oise_voir_autrement-768x364.jpeg 768w, https:\/\/conseil-conjugal-angers.org\/wp-content\/uploads\/2017\/11\/cropped-conseil-conjugal-oise_voir_autrement-1024x485.jpeg 1024w, https:\/\/conseil-conjugal-angers.org\/wp-content\/uploads\/2017\/11\/cropped-conseil-conjugal-oise_voir_autrement.jpeg 2000w\" sizes=\"(max-width: 300px) 100vw, 300px\" \/><\/a><\/figure><\/div>\n\n\n<h2 class=\"wp-block-heading\">&nbsp;<\/h2>\n\n\n\n<h3 class=\"wp-block-heading\"><a href=\"https:\/\/conseil-conjugal-angers.org\/index.php\/pourquoi-consulter\/celibataire\/\"><mark style=\"background-color:rgba(0, 0, 0, 0)\" class=\"has-inline-color has-vivid-cyan-blue-color\">EN&nbsp;SOLO<\/mark><\/a><\/h3>\n\n\n<div class=\"wp-block-image\">\n<figure class=\"alignleft size-medium is-resized\"><a href=\"https:\/\/conseil-conjugal-angers.org\/index.php\/pourquoi-consulter\/celibataire\/\"><img loading=\"lazy\" decoding=\"async\" width=\"300\" height=\"164\" src=\"https:\/\/conseil-conjugal-angers.org\/wp-content\/uploads\/2017\/11\/cropped-conseil-conjugal-oise_confiance_en_soi-300x164.jpeg\" alt=\"\" class=\"wp-image-57\" style=\"width:472px;height:auto\" srcset=\"https:\/\/conseil-conjugal-angers.org\/wp-content\/uploads\/2017\/11\/cropped-conseil-conjugal-oise_confiance_en_soi-300x164.jpeg 300w, https:\/\/conseil-conjugal-angers.org\/wp-content\/uploads\/2017\/11\/cropped-conseil-conjugal-oise_confiance_en_soi-768x421.jpeg 768w, https:\/\/conseil-conjugal-angers.org\/wp-content\/uploads\/2017\/11\/cropped-conseil-conjugal-oise_confiance_en_soi-1024x561.jpeg 1024w, https:\/\/conseil-conjugal-angers.org\/wp-content\/uploads\/2017\/11\/cropped-conseil-conjugal-oise_confiance_en_soi.jpeg 2000w\" sizes=\"(max-width: 300px) 100vw, 300px\" \/><\/a><\/figure><\/div>\n\n\n<p><\/p>\n\n\n\n<p><\/p>\n\n\n\n<p><\/p>\n","protected":false},"excerpt":{"rendered":"<p>Accompagn\u00e9(s) par une conseill\u00e8re conjugale, vous pourrez dans un cadre neutre et professionnel: \u2022 Apaiser la relation\u2022 Vous sentir \u00e9cout\u00e9(s) et respect\u00e9(s) dans vos difficult\u00e9s relationnelles, affectives et sexuelles.\u2022 Reprendre &#8230;<\/p>\n","protected":false},"author":1,"featured_media":0,"parent":0,"menu_order":0,"comment_status":"closed","ping_status":"closed","template":"","meta":{"footnotes":""},"class_list":["post-72","page","type-page","status-publish","hentry"],"yoast_head":"<!-- This site is optimized with the Yoast SEO plugin v24.8.1 - https:\/\/yoast.com\/wordpress\/plugins\/seo\/ -->\n<title>Pourquoi consulter ? - Gw\u00e9nola Desombre<\/title>\n<meta name=\"robots\" content=\"index, follow, max-snippet:-1, max-image-preview:large, max-video-preview:-1\" \/>\n<link rel=\"canonical\" href=\"https:\/\/conseil-conjugal-angers.org\/index.php\/pourquoi-consulter\/\" \/>\n<meta property=\"og:locale\" content=\"fr_FR\" \/>\n<meta property=\"og:type\" content=\"article\" \/>\n<meta property=\"og:title\" content=\"Pourquoi consulter ? - Gw\u00e9nola Desombre\" \/>\n<meta property=\"og:description\" content=\"Accompagn\u00e9(s) par une conseill\u00e8re conjugale, vous pourrez dans un cadre neutre et professionnel: \u2022 Apaiser la relation\u2022 Vous sentir \u00e9cout\u00e9(s) et respect\u00e9(s) dans vos difficult\u00e9s relationnelles, affectives et sexuelles.\u2022 Reprendre ...\" \/>\n<meta property=\"og:url\" content=\"https:\/\/conseil-conjugal-angers.org\/index.php\/pourquoi-consulter\/\" \/>\n<meta property=\"og:site_name\" content=\"Gw\u00e9nola Desombre\" \/>\n<meta property=\"article:modified_time\" content=\"2025-04-04T10:26:44+00:00\" \/>\n<meta property=\"og:image\" content=\"http:\/\/conseia.cluster027.hosting.ovh.net\/wp-content\/uploads\/2017\/11\/conseil-conjugal-oise_trouver_equilibre-1-300x138.jpg\" \/>\n<meta name=\"twitter:card\" content=\"summary_large_image\" \/>\n<meta name=\"twitter:label1\" content=\"Dur\u00e9e de lecture estim\u00e9e\" \/>\n\t<meta name=\"twitter:data1\" content=\"2 minutes\" \/>\n<script type=\"application\/ld+json\" class=\"yoast-schema-graph\">{\"@context\":\"https:\/\/schema.org\",\"@graph\":[{\"@type\":\"WebPage\",\"@id\":\"https:\/\/conseil-conjugal-angers.org\/index.php\/pourquoi-consulter\/\",\"url\":\"https:\/\/conseil-conjugal-angers.org\/index.php\/pourquoi-consulter\/\",\"name\":\"Pourquoi consulter ? - Gw\u00e9nola Desombre\",\"isPartOf\":{\"@id\":\"https:\/\/conseil-conjugal-angers.org\/#website\"},\"primaryImageOfPage\":{\"@id\":\"https:\/\/conseil-conjugal-angers.org\/index.php\/pourquoi-consulter\/#primaryimage\"},\"image\":{\"@id\":\"https:\/\/conseil-conjugal-angers.org\/index.php\/pourquoi-consulter\/#primaryimage\"},\"thumbnailUrl\":\"http:\/\/conseia.cluster027.hosting.ovh.net\/wp-content\/uploads\/2017\/11\/conseil-conjugal-oise_trouver_equilibre-1-300x138.jpg\",\"datePublished\":\"2017-11-23T10:31:36+00:00\",\"dateModified\":\"2025-04-04T10:26:44+00:00\",\"breadcrumb\":{\"@id\":\"https:\/\/conseil-conjugal-angers.org\/index.php\/pourquoi-consulter\/#breadcrumb\"},\"inLanguage\":\"fr-FR\",\"potentialAction\":[{\"@type\":\"ReadAction\",\"target\":[\"https:\/\/conseil-conjugal-angers.org\/index.php\/pourquoi-consulter\/\"]}]},{\"@type\":\"ImageObject\",\"inLanguage\":\"fr-FR\",\"@id\":\"https:\/\/conseil-conjugal-angers.org\/index.php\/pourquoi-consulter\/#primaryimage\",\"url\":\"http:\/\/conseia.cluster027.hosting.ovh.net\/wp-content\/uploads\/2017\/11\/conseil-conjugal-oise_trouver_equilibre-1-300x138.jpg\",\"contentUrl\":\"http:\/\/conseia.cluster027.hosting.ovh.net\/wp-content\/uploads\/2017\/11\/conseil-conjugal-oise_trouver_equilibre-1-300x138.jpg\"},{\"@type\":\"BreadcrumbList\",\"@id\":\"https:\/\/conseil-conjugal-angers.org\/index.php\/pourquoi-consulter\/#breadcrumb\",\"itemListElement\":[{\"@type\":\"ListItem\",\"position\":1,\"name\":\"Home\",\"item\":\"https:\/\/conseil-conjugal-angers.org\/\"},{\"@type\":\"ListItem\",\"position\":2,\"name\":\"Pourquoi consulter ?\"}]},{\"@type\":\"WebSite\",\"@id\":\"https:\/\/conseil-conjugal-angers.org\/#website\",\"url\":\"https:\/\/conseil-conjugal-angers.org\/\",\"name\":\"Gw\u00e9nola Desombre\",\"description\":\"Conseill\u00e8re conjugale et familiale\",\"potentialAction\":[{\"@type\":\"SearchAction\",\"target\":{\"@type\":\"EntryPoint\",\"urlTemplate\":\"https:\/\/conseil-conjugal-angers.org\/?s={search_term_string}\"},\"query-input\":{\"@type\":\"PropertyValueSpecification\",\"valueRequired\":true,\"valueName\":\"search_term_string\"}}],\"inLanguage\":\"fr-FR\"}]}<\/script>\n<!-- \/ Yoast SEO plugin. -->","yoast_head_json":{"title":"Pourquoi consulter ? - Gw\u00e9nola Desombre","robots":{"index":"index","follow":"follow","max-snippet":"max-snippet:-1","max-image-preview":"max-image-preview:large","max-video-preview":"max-video-preview:-1"},"canonical":"https:\/\/conseil-conjugal-angers.org\/index.php\/pourquoi-consulter\/","og_locale":"fr_FR","og_type":"article","og_title":"Pourquoi consulter ? - Gw\u00e9nola Desombre","og_description":"Accompagn\u00e9(s) par une conseill\u00e8re conjugale, vous pourrez dans un cadre neutre et professionnel: \u2022 Apaiser la relation\u2022 Vous sentir \u00e9cout\u00e9(s) et respect\u00e9(s) dans vos difficult\u00e9s relationnelles, affectives et sexuelles.\u2022 Reprendre ...","og_url":"https:\/\/conseil-conjugal-angers.org\/index.php\/pourquoi-consulter\/","og_site_name":"Gw\u00e9nola Desombre","article_modified_time":"2025-04-04T10:26:44+00:00","og_image":[{"url":"http:\/\/conseia.cluster027.hosting.ovh.net\/wp-content\/uploads\/2017\/11\/conseil-conjugal-oise_trouver_equilibre-1-300x138.jpg","type":"","width":"","height":""}],"twitter_card":"summary_large_image","twitter_misc":{"Dur\u00e9e de lecture estim\u00e9e":"2 minutes"},"schema":{"@context":"https:\/\/schema.org","@graph":[{"@type":"WebPage","@id":"https:\/\/conseil-conjugal-angers.org\/index.php\/pourquoi-consulter\/","url":"https:\/\/conseil-conjugal-angers.org\/index.php\/pourquoi-consulter\/","name":"Pourquoi consulter ? - Gw\u00e9nola Desombre","isPartOf":{"@id":"https:\/\/conseil-conjugal-angers.org\/#website"},"primaryImageOfPage":{"@id":"https:\/\/conseil-conjugal-angers.org\/index.php\/pourquoi-consulter\/#primaryimage"},"image":{"@id":"https:\/\/conseil-conjugal-angers.org\/index.php\/pourquoi-consulter\/#primaryimage"},"thumbnailUrl":"http:\/\/conseia.cluster027.hosting.ovh.net\/wp-content\/uploads\/2017\/11\/conseil-conjugal-oise_trouver_equilibre-1-300x138.jpg","datePublished":"2017-11-23T10:31:36+00:00","dateModified":"2025-04-04T10:26:44+00:00","breadcrumb":{"@id":"https:\/\/conseil-conjugal-angers.org\/index.php\/pourquoi-consulter\/#breadcrumb"},"inLanguage":"fr-FR","potentialAction":[{"@type":"ReadAction","target":["https:\/\/conseil-conjugal-angers.org\/index.php\/pourquoi-consulter\/"]}]},{"@type":"ImageObject","inLanguage":"fr-FR","@id":"https:\/\/conseil-conjugal-angers.org\/index.php\/pourquoi-consulter\/#primaryimage","url":"http:\/\/conseia.cluster027.hosting.ovh.net\/wp-content\/uploads\/2017\/11\/conseil-conjugal-oise_trouver_equilibre-1-300x138.jpg","contentUrl":"http:\/\/conseia.cluster027.hosting.ovh.net\/wp-content\/uploads\/2017\/11\/conseil-conjugal-oise_trouver_equilibre-1-300x138.jpg"},{"@type":"BreadcrumbList","@id":"https:\/\/conseil-conjugal-angers.org\/index.php\/pourquoi-consulter\/#breadcrumb","itemListElement":[{"@type":"ListItem","position":1,"name":"Home","item":"https:\/\/conseil-conjugal-angers.org\/"},{"@type":"ListItem","position":2,"name":"Pourquoi consulter ?"}]},{"@type":"WebSite","@id":"https:\/\/conseil-conjugal-angers.org\/#website","url":"https:\/\/conseil-conjugal-angers.org\/","name":"Gw\u00e9nola Desombre","description":"Conseill\u00e8re conjugale et familiale","potentialAction":[{"@type":"SearchAction","target":{"@type":"EntryPoint","urlTemplate":"https:\/\/conseil-conjugal-angers.org\/?s={search_term_string}"},"query-input":{"@type":"PropertyValueSpecification","valueRequired":true,"valueName":"search_term_string"}}],"inLanguage":"fr-FR"}]}},"_links":{"self":[{"href":"https:\/\/conseil-conjugal-angers.org\/index.php\/wp-json\/wp\/v2\/pages\/72"}],"collection":[{"href":"https:\/\/conseil-conjugal-angers.org\/index.php\/wp-json\/wp\/v2\/pages"}],"about":[{"href":"https:\/\/conseil-conjugal-angers.org\/index.php\/wp-json\/wp\/v2\/types\/page"}],"author":[{"embeddable":true,"href":"https:\/\/conseil-conjugal-angers.org\/index.php\/wp-json\/wp\/v2\/users\/1"}],"replies":[{"embeddable":true,"href":"https:\/\/conseil-conjugal-angers.org\/index.php\/wp-json\/wp\/v2\/comments?post=72"}],"version-history":[{"count":0,"href":"https:\/\/conseil-conjugal-angers.org\/index.php\/wp-json\/wp\/v2\/pages\/72\/revisions"}],"wp:attachment":[{"href":"https:\/\/conseil-conjugal-angers.org\/index.php\/wp-json\/wp\/v2\/media?parent=72"}],"curies":[{"name":"wp","href":"https:\/\/api.w.org\/{rel}","templated":true}]}}