{"id":27,"date":"2017-11-20T22:18:12","date_gmt":"2017-11-20T21:18:12","guid":{"rendered":"https:\/\/conseia.cluster027.hosting.ovh.net\/?page_id=27"},"modified":"2025-04-04T13:34:08","modified_gmt":"2025-04-04T11:34:08","slug":"site-en-construction","status":"publish","type":"page","link":"https:\/\/conseil-conjugal-angers.org\/","title":{"rendered":"En couple ou c\u00e9libataire : Difficult\u00e9 relationnelle, affective ou sexuelle ?"},"content":{"rendered":"<p><em><style type=\"text\/css\">.easingslider-118 { width: 100%; }.easingslider-118 .easingslider-image { max-height: 920px; max-width: 2000px; }.easingslider-118 .easingslider-fade-in, .easingslider-fade-out { -webkit-animation-duration: 250ms; -moz-animation-duration: 250ms; animation-duration: 250ms; }<\/style><script type=\"text\/javascript\">window.EasingSlider118 = {\"width\":2000,\"height\":920,\"singleItem\":true,\"items\":1,\"itemsDesktop\":false,\"itemsDesktopSmall\":false,\"itemsTablet\":false,\"itemsTabletSmall\":false,\"itemsMobile\":false,\"responsive\":true,\"lazyLoad\":true,\"autoPlay\":4000,\"slideSpeed\":250,\"navigation\":true,\"navigationText\":[\"\",\"\"],\"pagination\":true,\"autoHeight\":false,\"mouseDrag\":false,\"touchDrag\":false,\"addClassActive\":true,\"transitionStyle\":\"fade\"};<\/script><div data-id=\"118\" class=\"easingslider easingslider-118 easingslider-container easingslider-full-width easingslider-resizing-enabled easingslider-aspect-ratio easingslider-arrows-inside easingslider-pagination-inside easingslider-pagination-bottom-center\"><div class=\"easingslider-slide\"><img decoding=\"async\" src=\"https:\/\/conseil-conjugal-angers.org\/wp-content\/plugins\/easing-slider\/assets\/images\/placeholder-pixel.png\" data-src=\"https:\/\/conseil-conjugal-angers.org\/wp-content\/uploads\/2017\/11\/cropped-conseil-conjugal-oise_trouver_equilibre-1-2000x920.jpg\" alt=\"\" title=\"\" class=\"easingslider-image easingslider-lazy\" \/><\/div><div class=\"easingslider-slide\"><img decoding=\"async\" src=\"https:\/\/conseil-conjugal-angers.org\/wp-content\/plugins\/easing-slider\/assets\/images\/placeholder-pixel.png\" data-src=\"https:\/\/conseil-conjugal-angers.org\/wp-content\/uploads\/2017\/11\/cropped-conseil-conjugal-oise_voir_autrement-2000x920.jpeg\" alt=\"\" title=\"\" class=\"easingslider-image easingslider-lazy\" \/><\/div><div class=\"easingslider-slide\"><img decoding=\"async\" src=\"https:\/\/conseil-conjugal-angers.org\/wp-content\/plugins\/easing-slider\/assets\/images\/placeholder-pixel.png\" data-src=\"https:\/\/conseil-conjugal-angers.org\/wp-content\/uploads\/2017\/11\/cropped-conseil-conjugal-oise_confiance_en_soi-2000x920.jpeg\" alt=\"\" title=\"\" class=\"easingslider-image easingslider-lazy\" \/><\/div><\/div><\/em><\/p>\n<h3><strong>Consultez seul(e) ou en couple pour avancer\u00a0\u00e0 tous les \u00e2ges de la vie.<\/strong><\/h3>\n<p>Uniquement sur RDV\u00a0 : en pr\u00e9sentiel sur Angers ou en visio.<\/p>\n<p><strong><span style=\"color: black;\"><br \/><a href=\"tel:0612062903\">T\u00e9l. : 06 12 06 29 03<\/a><br \/><a href=\"mailto:gwenola.desombre@gmail.com\">gwenola.desombre@gmail.com<\/a><br \/><\/span><\/strong><\/p>\n<p>\u00e0 Angers, je re\u00e7ois 4 rue Saint L\u00e9onard (\u00e0 c\u00f4t\u00e9 de la place du Lyc\u00e9e)<\/p>\n<p><iframe loading=\"lazy\" style=\"border: 0;\" src=\"https:\/\/www.google.com\/maps\/embed?pb=!1m23!1m12!1m3!1d8563.177306705818!2d-0.5500995374957997!3d47.46590788696724!2m3!1f0!2f0!3f0!3m2!1i1024!2i768!4f13.1!4m8!3e1!4m0!4m5!1s0x48087892815f0afd%3A0x63780cc5c4c16345!2s4%20Rue%20Saint-L%C3%A9onard%2C%2049000%20Angers!3m2!1d47.465256!2d-0.5424684!5e0!3m2!1sfr!2sfr!4v1727638035204!5m2!1sfr!2sfr\" width=\"750\" height=\"550\" allowfullscreen=\"allowfullscreen\"><\/iframe><\/p>\n<h1><span style=\"color: white;\">Conseil Conjugal Angers Conseil-Conjugal th\u00e9rapie couple famille crise<\/span><\/h1>\n\n\n<p>Une conseill\u00e8re conjugale est une sp\u00e9cialiste de l\u2019\u00e9coute et de la relation.<br>Je suis form\u00e9e pour \u00e9couter, accompagner et soutenir les personnes en souffrance sur le plan relationnel, affectif et sexuel. Mon r\u00f4le est de vous aider \u00e0 trouver vos propres solutions pour r\u00e9soudre vos difficult\u00e9s ou la crise que vous traversez.<br>Cet <a href=\"https:\/\/conseil-conjugal-angers.org\/index.php\/pourquoi-consulter\/\">accompagnement <\/a>peut se faire en couple, en famille ou individuellement selon les probl\u00e9matiques rencontr\u00e9es et la volont\u00e9 de chacun.<\/p>\n\n\n\n<p>Je travaille en r\u00e9seau et suis supervis\u00e9e.<\/p>\n\n\n\n<figure class=\"wp-block-table is-style-stripes\"><table class=\"has-white-background-color has-background has-fixed-layout\"><tbody><tr><td><a href=\"http:\/\/www.cabinetraphael.fr\"><mark style=\"background-color:#ffffff\" class=\"has-inline-color\"><img decoding=\"async\" src=\"http:\/\/conseil-conjugal-angers.org\/wp-content\/uploads\/2018\/01\/logo_site_cabinetRaphael-sur-fond-bleu.png\" alt=\"\"><\/mark><\/a><\/td><td><img decoding=\"async\" src=\"http:\/\/conseil-conjugal-angers.org\/wp-content\/uploads\/2017\/11\/logo-Anccef.png\" alt=\"\"><\/td><\/tr><\/tbody><\/table><\/figure>\n\n\n\n<p><\/p>\n","protected":false},"excerpt":{"rendered":"<p>Consultez seul(e) ou en couple pour avancer\u00a0\u00e0 tous les \u00e2ges de la vie. Uniquement sur RDV\u00a0 : en pr\u00e9sentiel sur Angers ou en visio. T\u00e9l. : 06 12 06 29 &#8230;<\/p>\n","protected":false},"author":1,"featured_media":0,"parent":0,"menu_order":0,"comment_status":"closed","ping_status":"closed","template":"","meta":{"footnotes":""},"class_list":["post-27","page","type-page","status-publish","hentry"],"yoast_head":"<!-- This site is optimized with the Yoast SEO plugin v24.8.1 - https:\/\/yoast.com\/wordpress\/plugins\/seo\/ -->\n<title>En couple ou c\u00e9libataire : Difficult\u00e9 relationnelle, affective ou sexuelle ? - Gw\u00e9nola Desombre Conseill\u00e8re conjugale et familiale conseil conjugal angers couple th\u00e9rapie<\/title>\n<meta name=\"description\" content=\"Conseill\u00e8re conjugale form\u00e9e \u00e0 l&#039;\u00e9coute, j\u2019accompagne chacun\u00b7e dans ses difficult\u00e9s relationnelles, affectives ou sexuelles, en solo, couple ou famille.\" \/>\n<meta name=\"robots\" content=\"index, follow, max-snippet:-1, max-image-preview:large, max-video-preview:-1\" \/>\n<link rel=\"canonical\" href=\"https:\/\/conseil-conjugal-angers.org\/\" \/>\n<meta property=\"og:locale\" content=\"fr_FR\" \/>\n<meta property=\"og:type\" content=\"article\" \/>\n<meta property=\"og:title\" content=\"En couple ou c\u00e9libataire : Difficult\u00e9 relationnelle, affective ou sexuelle ? - Gw\u00e9nola Desombre Conseill\u00e8re conjugale et familiale conseil conjugal angers couple th\u00e9rapie\" \/>\n<meta property=\"og:description\" content=\"Conseill\u00e8re conjugale form\u00e9e \u00e0 l&#039;\u00e9coute, j\u2019accompagne chacun\u00b7e dans ses difficult\u00e9s relationnelles, affectives ou sexuelles, en solo, couple ou famille.\" \/>\n<meta property=\"og:url\" content=\"https:\/\/conseil-conjugal-angers.org\/\" \/>\n<meta property=\"og:site_name\" content=\"Gw\u00e9nola Desombre\" \/>\n<meta property=\"article:modified_time\" content=\"2025-04-04T11:34:08+00:00\" \/>\n<meta property=\"og:image\" content=\"http:\/\/conseil-conjugal-angers.org\/wp-content\/uploads\/2018\/01\/logo_site_cabinetRaphael-sur-fond-bleu.png\" \/>\n<meta name=\"twitter:card\" content=\"summary_large_image\" \/>\n<meta name=\"twitter:label1\" content=\"Dur\u00e9e de lecture estim\u00e9e\" \/>\n\t<meta name=\"twitter:data1\" content=\"2 minutes\" \/>\n<script type=\"application\/ld+json\" class=\"yoast-schema-graph\">{\"@context\":\"https:\/\/schema.org\",\"@graph\":[{\"@type\":\"WebPage\",\"@id\":\"https:\/\/conseil-conjugal-angers.org\/\",\"url\":\"https:\/\/conseil-conjugal-angers.org\/\",\"name\":\"En couple ou c\u00e9libataire : Difficult\u00e9 relationnelle, affective ou sexuelle ? - Gw\u00e9nola Desombre Conseill\u00e8re conjugale et familiale conseil conjugal angers couple th\u00e9rapie\",\"isPartOf\":{\"@id\":\"https:\/\/conseil-conjugal-angers.org\/#website\"},\"primaryImageOfPage\":{\"@id\":\"https:\/\/conseil-conjugal-angers.org\/#primaryimage\"},\"image\":{\"@id\":\"https:\/\/conseil-conjugal-angers.org\/#primaryimage\"},\"thumbnailUrl\":\"http:\/\/conseil-conjugal-angers.org\/wp-content\/uploads\/2018\/01\/logo_site_cabinetRaphael-sur-fond-bleu.png\",\"datePublished\":\"2017-11-20T21:18:12+00:00\",\"dateModified\":\"2025-04-04T11:34:08+00:00\",\"description\":\"Conseill\u00e8re conjugale form\u00e9e \u00e0 l'\u00e9coute, j\u2019accompagne chacun\u00b7e dans ses difficult\u00e9s relationnelles, affectives ou sexuelles, en solo, couple ou famille.\",\"breadcrumb\":{\"@id\":\"https:\/\/conseil-conjugal-angers.org\/#breadcrumb\"},\"inLanguage\":\"fr-FR\",\"potentialAction\":[{\"@type\":\"ReadAction\",\"target\":[\"https:\/\/conseil-conjugal-angers.org\/\"]}]},{\"@type\":\"ImageObject\",\"inLanguage\":\"fr-FR\",\"@id\":\"https:\/\/conseil-conjugal-angers.org\/#primaryimage\",\"url\":\"https:\/\/conseil-conjugal-angers.org\/wp-content\/uploads\/2018\/01\/logo_site_cabinetRaphael-sur-fond-bleu.png\",\"contentUrl\":\"https:\/\/conseil-conjugal-angers.org\/wp-content\/uploads\/2018\/01\/logo_site_cabinetRaphael-sur-fond-bleu.png\",\"width\":854,\"height\":421},{\"@type\":\"BreadcrumbList\",\"@id\":\"https:\/\/conseil-conjugal-angers.org\/#breadcrumb\",\"itemListElement\":[{\"@type\":\"ListItem\",\"position\":1,\"name\":\"Home\",\"item\":\"https:\/\/conseil-conjugal-angers.org\/\"},{\"@type\":\"ListItem\",\"position\":2,\"name\":\"En couple ou c\u00e9libataire : Difficult\u00e9 relationnelle, affective ou sexuelle ?\"}]},{\"@type\":\"WebSite\",\"@id\":\"https:\/\/conseil-conjugal-angers.org\/#website\",\"url\":\"https:\/\/conseil-conjugal-angers.org\/\",\"name\":\"Gw\u00e9nola Desombre\",\"description\":\"Conseill\u00e8re conjugale et familiale\",\"potentialAction\":[{\"@type\":\"SearchAction\",\"target\":{\"@type\":\"EntryPoint\",\"urlTemplate\":\"https:\/\/conseil-conjugal-angers.org\/?s={search_term_string}\"},\"query-input\":{\"@type\":\"PropertyValueSpecification\",\"valueRequired\":true,\"valueName\":\"search_term_string\"}}],\"inLanguage\":\"fr-FR\"}]}<\/script>\n<!-- \/ Yoast SEO plugin. -->","yoast_head_json":{"title":"En couple ou c\u00e9libataire : Difficult\u00e9 relationnelle, affective ou sexuelle ? - Gw\u00e9nola Desombre Conseill\u00e8re conjugale et familiale conseil conjugal angers couple th\u00e9rapie","description":"Conseill\u00e8re conjugale form\u00e9e \u00e0 l'\u00e9coute, j\u2019accompagne chacun\u00b7e dans ses difficult\u00e9s relationnelles, affectives ou sexuelles, en solo, couple ou famille.","robots":{"index":"index","follow":"follow","max-snippet":"max-snippet:-1","max-image-preview":"max-image-preview:large","max-video-preview":"max-video-preview:-1"},"canonical":"https:\/\/conseil-conjugal-angers.org\/","og_locale":"fr_FR","og_type":"article","og_title":"En couple ou c\u00e9libataire : Difficult\u00e9 relationnelle, affective ou sexuelle ? - Gw\u00e9nola Desombre Conseill\u00e8re conjugale et familiale conseil conjugal angers couple th\u00e9rapie","og_description":"Conseill\u00e8re conjugale form\u00e9e \u00e0 l'\u00e9coute, j\u2019accompagne chacun\u00b7e dans ses difficult\u00e9s relationnelles, affectives ou sexuelles, en solo, couple ou famille.","og_url":"https:\/\/conseil-conjugal-angers.org\/","og_site_name":"Gw\u00e9nola Desombre","article_modified_time":"2025-04-04T11:34:08+00:00","og_image":[{"url":"http:\/\/conseil-conjugal-angers.org\/wp-content\/uploads\/2018\/01\/logo_site_cabinetRaphael-sur-fond-bleu.png","type":"","width":"","height":""}],"twitter_card":"summary_large_image","twitter_misc":{"Dur\u00e9e de lecture estim\u00e9e":"2 minutes"},"schema":{"@context":"https:\/\/schema.org","@graph":[{"@type":"WebPage","@id":"https:\/\/conseil-conjugal-angers.org\/","url":"https:\/\/conseil-conjugal-angers.org\/","name":"En couple ou c\u00e9libataire : Difficult\u00e9 relationnelle, affective ou sexuelle ? - Gw\u00e9nola Desombre Conseill\u00e8re conjugale et familiale conseil conjugal angers couple th\u00e9rapie","isPartOf":{"@id":"https:\/\/conseil-conjugal-angers.org\/#website"},"primaryImageOfPage":{"@id":"https:\/\/conseil-conjugal-angers.org\/#primaryimage"},"image":{"@id":"https:\/\/conseil-conjugal-angers.org\/#primaryimage"},"thumbnailUrl":"http:\/\/conseil-conjugal-angers.org\/wp-content\/uploads\/2018\/01\/logo_site_cabinetRaphael-sur-fond-bleu.png","datePublished":"2017-11-20T21:18:12+00:00","dateModified":"2025-04-04T11:34:08+00:00","description":"Conseill\u00e8re conjugale form\u00e9e \u00e0 l'\u00e9coute, j\u2019accompagne chacun\u00b7e dans ses difficult\u00e9s relationnelles, affectives ou sexuelles, en solo, couple ou famille.","breadcrumb":{"@id":"https:\/\/conseil-conjugal-angers.org\/#breadcrumb"},"inLanguage":"fr-FR","potentialAction":[{"@type":"ReadAction","target":["https:\/\/conseil-conjugal-angers.org\/"]}]},{"@type":"ImageObject","inLanguage":"fr-FR","@id":"https:\/\/conseil-conjugal-angers.org\/#primaryimage","url":"https:\/\/conseil-conjugal-angers.org\/wp-content\/uploads\/2018\/01\/logo_site_cabinetRaphael-sur-fond-bleu.png","contentUrl":"https:\/\/conseil-conjugal-angers.org\/wp-content\/uploads\/2018\/01\/logo_site_cabinetRaphael-sur-fond-bleu.png","width":854,"height":421},{"@type":"BreadcrumbList","@id":"https:\/\/conseil-conjugal-angers.org\/#breadcrumb","itemListElement":[{"@type":"ListItem","position":1,"name":"Home","item":"https:\/\/conseil-conjugal-angers.org\/"},{"@type":"ListItem","position":2,"name":"En couple ou c\u00e9libataire : Difficult\u00e9 relationnelle, affective ou sexuelle ?"}]},{"@type":"WebSite","@id":"https:\/\/conseil-conjugal-angers.org\/#website","url":"https:\/\/conseil-conjugal-angers.org\/","name":"Gw\u00e9nola Desombre","description":"Conseill\u00e8re conjugale et familiale","potentialAction":[{"@type":"SearchAction","target":{"@type":"EntryPoint","urlTemplate":"https:\/\/conseil-conjugal-angers.org\/?s={search_term_string}"},"query-input":{"@type":"PropertyValueSpecification","valueRequired":true,"valueName":"search_term_string"}}],"inLanguage":"fr-FR"}]}},"_links":{"self":[{"href":"https:\/\/conseil-conjugal-angers.org\/index.php\/wp-json\/wp\/v2\/pages\/27"}],"collection":[{"href":"https:\/\/conseil-conjugal-angers.org\/index.php\/wp-json\/wp\/v2\/pages"}],"about":[{"href":"https:\/\/conseil-conjugal-angers.org\/index.php\/wp-json\/wp\/v2\/types\/page"}],"author":[{"embeddable":true,"href":"https:\/\/conseil-conjugal-angers.org\/index.php\/wp-json\/wp\/v2\/users\/1"}],"replies":[{"embeddable":true,"href":"https:\/\/conseil-conjugal-angers.org\/index.php\/wp-json\/wp\/v2\/comments?post=27"}],"version-history":[{"count":0,"href":"https:\/\/conseil-conjugal-angers.org\/index.php\/wp-json\/wp\/v2\/pages\/27\/revisions"}],"wp:attachment":[{"href":"https:\/\/conseil-conjugal-angers.org\/index.php\/wp-json\/wp\/v2\/media?parent=27"}],"curies":[{"name":"wp","href":"https:\/\/api.w.org\/{rel}","templated":true}]}}