{"id":199,"date":"2018-01-20T19:13:55","date_gmt":"2018-01-20T18:13:55","guid":{"rendered":"https:\/\/conseia.cluster027.hosting.ovh.net\/?page_id=199"},"modified":"2025-04-04T11:54:49","modified_gmt":"2025-04-04T09:54:49","slug":"qui-suis-je","status":"publish","type":"page","link":"https:\/\/conseil-conjugal-angers.org\/index.php\/qui-suis-je\/","title":{"rendered":"Qui suis-je ?"},"content":{"rendered":"<p style=\"text-align: justify;\"><span style=\"margin: 0px; font-family: 'Arial',sans-serif;\"><span style=\"color: #000000;\"><img loading=\"lazy\" decoding=\"async\" class=\"alignleft wp-image-274\" src=\"http:\/\/conseia.cluster027.hosting.ovh.net\/wp-content\/uploads\/2024\/09\/Gw\u00e9no-photo-269x300.jpg\" alt=\"\" width=\"262\" height=\"292\" srcset=\"https:\/\/conseil-conjugal-angers.org\/wp-content\/uploads\/2024\/09\/Gw\u00e9no-photo-269x300.jpg 269w, https:\/\/conseil-conjugal-angers.org\/wp-content\/uploads\/2024\/09\/Gw\u00e9no-photo.jpg 536w\" sizes=\"(max-width: 262px) 100vw, 262px\" \/><\/span><\/span><\/p>\n<p style=\"text-align: justify;\"><span style=\"margin: 0px; font-family: 'Arial',sans-serif;\"><span style=\"color: #000000;\">Apr\u00e8s plusieurs m\u00e9tiers d\u2019accompagnements\u00a0: aide au d\u00e9veloppement personnel, formatrice en ressources humaines, accompagnatrice au changement (<em>relocation consultant<\/em>) en France et \u00e0 l\u2019\u00e9tranger, j\u2019ai choisi de devenir Conseill\u00e8re Conjugale et Familiale.<\/span><\/span><\/p>\n<p style=\"text-align: justify;\"><span style=\"margin: 0px; font-family: 'Arial',sans-serif;\"><span style=\"color: #000000;\"> Form\u00e9e par la F\u00e9d\u00e9ration Couples et Familles, j\u2019ai obtenu en 2016 l\u2019attestation de qualification \u00e0 la pratique du Conseil Conjugal et Familial, agr\u00e9\u00e9 par le Minist\u00e8re des solidarit\u00e9s et de la sant\u00e9. J\u2019ai commenc\u00e9 \u00e0 exercer \u00e0 Strasbourg en cabinet lib\u00e9ral, puis \u00e0 Senlis et Compi\u00e8gne dans l&rsquo;Oise avant d&rsquo;arriver sur Angers \u00e0 l&rsquo;\u00e9t\u00e9 2024.<br \/>\nMe voici donc install\u00e9e pr\u00e8s de la place du lyc\u00e9e \u00e0 Angers, afin d\u2019y rencontrer et accompagner couples et familles.<\/span><\/span><\/p>\n<p style=\"text-align: justify;\"><span style=\"margin: 0px; font-family: 'Arial',sans-serif;\"><span style=\"color: #000000;\">J\u2019ai une approche &lsquo;Rog\u00e9rienne&rsquo; (c&rsquo;est-\u00e0-dire centr\u00e9e sur la personne) et je crois en la capacit\u00e9 de chacun \u00e0 s\u2019interroger et \u00e0 \u00e9voluer \u00e0 partir du moment o\u00f9 il\/elle en a la volont\u00e9.<\/span><\/span><\/p>\n<p style=\"text-align: justify;\"><span style=\"margin: 0px; font-family: 'Arial',sans-serif;\"><span style=\"color: #000000;\">\u00ab L\u2019accompagnement d\u2019un couple de famille recompos\u00e9e \u00bb est le th\u00e8me que j\u2019ai choisi pour mon m\u00e9moire professionnel. Je suis \u00e9galement sensibilis\u00e9e \u00e0 l\u2019approche de l\u2019Imago Th\u00e9rapie.<\/span><\/span><\/p>\n<p style=\"text-align: justify;\"><span style=\"margin: 0px; font-family: 'Arial',sans-serif;\"><span style=\"color: #000000;\">Soucieuse de r\u00e9pondre au mieux aux attentes des couples et personnes que j&rsquo;accompagne, j&rsquo;ai rejoint depuis F\u00e9vrier 2018 le r\u00e9seau de conseill\u00e8res conjugales du Cabinet Rapha\u00ebl (<a href=\"http:\/\/www.cabinetraphael.fr\" target=\"_blank\" rel=\"noopener\">www.cabinetraphael.fr<\/a>).<\/span><\/span><\/p>\n<p style=\"text-align: justify;\"><span style=\"margin: 0px; font-family: 'Arial',sans-serif;\"><span style=\"color: #000000;\">Je travaille en r\u00e9seau avec des m\u00e9decins, des psychoth\u00e9rapeutes, th\u00e9rapeutes de couple. Il m\u2019arrive parfois de r\u00e9orienter les personnes lorsque je l\u2019estime n\u00e9cessaire.<\/span><\/span><\/p>\n<p style=\"text-align: justify;\"><span style=\"margin: 0px; font-family: 'Arial',sans-serif;\"><span style=\"color: #000000;\">La pr\u00e9sence de professionnelles de la relation aupr\u00e8s de jeunes me semble essentielle.<br \/>\n<\/span><\/span><span style=\"margin: 0px; font-family: 'Arial',sans-serif;\"><span style=\"color: #000000;\">C&rsquo;est pour cette raison que je me suis associ\u00e9e \u00e0 d&rsquo;autres conseill\u00e8res conjugales, dans un premier temps \u00e0 Strasbourg et depuis Octobre 2017 dans l&rsquo;Oise pour intervenir en \u00e9ducation \u00e0 la vie affective, relationnelle et sexuelle.<\/span><\/span><\/p>\n<p><a href=\"http:\/\/www.anccef.fr\/\"><img loading=\"lazy\" decoding=\"async\" class=\"alignnone wp-image-80 \" src=\"http:\/\/conseia.cluster027.hosting.ovh.net\/wp-content\/uploads\/2017\/11\/logo-Anccef-300x86.png\" alt=\"\" width=\"366\" height=\"105\" srcset=\"https:\/\/conseil-conjugal-angers.org\/wp-content\/uploads\/2017\/11\/logo-Anccef-300x86.png 300w, https:\/\/conseil-conjugal-angers.org\/wp-content\/uploads\/2017\/11\/logo-Anccef.png 396w\" sizes=\"(max-width: 366px) 100vw, 366px\" \/><\/a> <a href=\"http:\/\/www.cabinetraphael.fr\/\"><img loading=\"lazy\" decoding=\"async\" class=\"alignright wp-image-208 \" src=\"http:\/\/conseia.cluster027.hosting.ovh.net\/wp-content\/uploads\/2018\/01\/logo_site_cabinetRaphael-sur-fond-bleu-300x148.png\" alt=\"\" width=\"268\" height=\"132\" srcset=\"https:\/\/conseil-conjugal-angers.org\/wp-content\/uploads\/2018\/01\/logo_site_cabinetRaphael-sur-fond-bleu-300x148.png 300w, https:\/\/conseil-conjugal-angers.org\/wp-content\/uploads\/2018\/01\/logo_site_cabinetRaphael-sur-fond-bleu-768x379.png 768w, https:\/\/conseil-conjugal-angers.org\/wp-content\/uploads\/2018\/01\/logo_site_cabinetRaphael-sur-fond-bleu.png 854w\" sizes=\"(max-width: 268px) 100vw, 268px\" \/><\/a><\/p>\n","protected":false},"excerpt":{"rendered":"<p>Apr\u00e8s plusieurs m\u00e9tiers d\u2019accompagnements\u00a0: aide au d\u00e9veloppement personnel, formatrice en ressources humaines, accompagnatrice au changement (relocation consultant) en France et \u00e0 l\u2019\u00e9tranger, j\u2019ai choisi de devenir Conseill\u00e8re Conjugale et Familiale. &#8230;<\/p>\n","protected":false},"author":1,"featured_media":0,"parent":0,"menu_order":0,"comment_status":"closed","ping_status":"closed","template":"","meta":{"footnotes":""},"class_list":["post-199","page","type-page","status-publish","hentry"],"yoast_head":"<!-- This site is optimized with the Yoast SEO plugin v24.8.1 - https:\/\/yoast.com\/wordpress\/plugins\/seo\/ -->\n<title>Qui suis-je ? - Gw\u00e9nola Desombre<\/title>\n<meta name=\"robots\" content=\"index, follow, max-snippet:-1, max-image-preview:large, max-video-preview:-1\" \/>\n<link rel=\"canonical\" href=\"https:\/\/conseil-conjugal-angers.org\/index.php\/qui-suis-je\/\" \/>\n<meta property=\"og:locale\" content=\"fr_FR\" \/>\n<meta property=\"og:type\" content=\"article\" \/>\n<meta property=\"og:title\" content=\"Qui suis-je ? - Gw\u00e9nola Desombre\" \/>\n<meta property=\"og:description\" content=\"Apr\u00e8s plusieurs m\u00e9tiers d\u2019accompagnements\u00a0: aide au d\u00e9veloppement personnel, formatrice en ressources humaines, accompagnatrice au changement (relocation consultant) en France et \u00e0 l\u2019\u00e9tranger, j\u2019ai choisi de devenir Conseill\u00e8re Conjugale et Familiale. ...\" \/>\n<meta property=\"og:url\" content=\"https:\/\/conseil-conjugal-angers.org\/index.php\/qui-suis-je\/\" \/>\n<meta property=\"og:site_name\" content=\"Gw\u00e9nola Desombre\" \/>\n<meta property=\"article:modified_time\" content=\"2025-04-04T09:54:49+00:00\" \/>\n<meta property=\"og:image\" content=\"http:\/\/conseia.cluster027.hosting.ovh.net\/wp-content\/uploads\/2017\/11\/logo-Anccef-300x86.png\" \/>\n<meta name=\"twitter:card\" content=\"summary_large_image\" \/>\n<meta name=\"twitter:label1\" content=\"Dur\u00e9e de lecture estim\u00e9e\" \/>\n\t<meta name=\"twitter:data1\" content=\"2 minutes\" \/>\n<script type=\"application\/ld+json\" class=\"yoast-schema-graph\">{\"@context\":\"https:\/\/schema.org\",\"@graph\":[{\"@type\":\"WebPage\",\"@id\":\"https:\/\/conseil-conjugal-angers.org\/index.php\/qui-suis-je\/\",\"url\":\"https:\/\/conseil-conjugal-angers.org\/index.php\/qui-suis-je\/\",\"name\":\"Qui suis-je ? - Gw\u00e9nola Desombre\",\"isPartOf\":{\"@id\":\"https:\/\/conseil-conjugal-angers.org\/#website\"},\"primaryImageOfPage\":{\"@id\":\"https:\/\/conseil-conjugal-angers.org\/index.php\/qui-suis-je\/#primaryimage\"},\"image\":{\"@id\":\"https:\/\/conseil-conjugal-angers.org\/index.php\/qui-suis-je\/#primaryimage\"},\"thumbnailUrl\":\"http:\/\/conseia.cluster027.hosting.ovh.net\/wp-content\/uploads\/2017\/11\/logo-Anccef-300x86.png\",\"datePublished\":\"2018-01-20T18:13:55+00:00\",\"dateModified\":\"2025-04-04T09:54:49+00:00\",\"breadcrumb\":{\"@id\":\"https:\/\/conseil-conjugal-angers.org\/index.php\/qui-suis-je\/#breadcrumb\"},\"inLanguage\":\"fr-FR\",\"potentialAction\":[{\"@type\":\"ReadAction\",\"target\":[\"https:\/\/conseil-conjugal-angers.org\/index.php\/qui-suis-je\/\"]}]},{\"@type\":\"ImageObject\",\"inLanguage\":\"fr-FR\",\"@id\":\"https:\/\/conseil-conjugal-angers.org\/index.php\/qui-suis-je\/#primaryimage\",\"url\":\"http:\/\/conseia.cluster027.hosting.ovh.net\/wp-content\/uploads\/2017\/11\/logo-Anccef-300x86.png\",\"contentUrl\":\"http:\/\/conseia.cluster027.hosting.ovh.net\/wp-content\/uploads\/2017\/11\/logo-Anccef-300x86.png\"},{\"@type\":\"BreadcrumbList\",\"@id\":\"https:\/\/conseil-conjugal-angers.org\/index.php\/qui-suis-je\/#breadcrumb\",\"itemListElement\":[{\"@type\":\"ListItem\",\"position\":1,\"name\":\"Home\",\"item\":\"https:\/\/conseil-conjugal-angers.org\/\"},{\"@type\":\"ListItem\",\"position\":2,\"name\":\"Qui suis-je ?\"}]},{\"@type\":\"WebSite\",\"@id\":\"https:\/\/conseil-conjugal-angers.org\/#website\",\"url\":\"https:\/\/conseil-conjugal-angers.org\/\",\"name\":\"Gw\u00e9nola Desombre\",\"description\":\"Conseill\u00e8re conjugale et familiale\",\"potentialAction\":[{\"@type\":\"SearchAction\",\"target\":{\"@type\":\"EntryPoint\",\"urlTemplate\":\"https:\/\/conseil-conjugal-angers.org\/?s={search_term_string}\"},\"query-input\":{\"@type\":\"PropertyValueSpecification\",\"valueRequired\":true,\"valueName\":\"search_term_string\"}}],\"inLanguage\":\"fr-FR\"}]}<\/script>\n<!-- \/ Yoast SEO plugin. -->","yoast_head_json":{"title":"Qui suis-je ? - Gw\u00e9nola Desombre","robots":{"index":"index","follow":"follow","max-snippet":"max-snippet:-1","max-image-preview":"max-image-preview:large","max-video-preview":"max-video-preview:-1"},"canonical":"https:\/\/conseil-conjugal-angers.org\/index.php\/qui-suis-je\/","og_locale":"fr_FR","og_type":"article","og_title":"Qui suis-je ? - Gw\u00e9nola Desombre","og_description":"Apr\u00e8s plusieurs m\u00e9tiers d\u2019accompagnements\u00a0: aide au d\u00e9veloppement personnel, formatrice en ressources humaines, accompagnatrice au changement (relocation consultant) en France et \u00e0 l\u2019\u00e9tranger, j\u2019ai choisi de devenir Conseill\u00e8re Conjugale et Familiale. ...","og_url":"https:\/\/conseil-conjugal-angers.org\/index.php\/qui-suis-je\/","og_site_name":"Gw\u00e9nola Desombre","article_modified_time":"2025-04-04T09:54:49+00:00","og_image":[{"url":"http:\/\/conseia.cluster027.hosting.ovh.net\/wp-content\/uploads\/2017\/11\/logo-Anccef-300x86.png","type":"","width":"","height":""}],"twitter_card":"summary_large_image","twitter_misc":{"Dur\u00e9e de lecture estim\u00e9e":"2 minutes"},"schema":{"@context":"https:\/\/schema.org","@graph":[{"@type":"WebPage","@id":"https:\/\/conseil-conjugal-angers.org\/index.php\/qui-suis-je\/","url":"https:\/\/conseil-conjugal-angers.org\/index.php\/qui-suis-je\/","name":"Qui suis-je ? - Gw\u00e9nola Desombre","isPartOf":{"@id":"https:\/\/conseil-conjugal-angers.org\/#website"},"primaryImageOfPage":{"@id":"https:\/\/conseil-conjugal-angers.org\/index.php\/qui-suis-je\/#primaryimage"},"image":{"@id":"https:\/\/conseil-conjugal-angers.org\/index.php\/qui-suis-je\/#primaryimage"},"thumbnailUrl":"http:\/\/conseia.cluster027.hosting.ovh.net\/wp-content\/uploads\/2017\/11\/logo-Anccef-300x86.png","datePublished":"2018-01-20T18:13:55+00:00","dateModified":"2025-04-04T09:54:49+00:00","breadcrumb":{"@id":"https:\/\/conseil-conjugal-angers.org\/index.php\/qui-suis-je\/#breadcrumb"},"inLanguage":"fr-FR","potentialAction":[{"@type":"ReadAction","target":["https:\/\/conseil-conjugal-angers.org\/index.php\/qui-suis-je\/"]}]},{"@type":"ImageObject","inLanguage":"fr-FR","@id":"https:\/\/conseil-conjugal-angers.org\/index.php\/qui-suis-je\/#primaryimage","url":"http:\/\/conseia.cluster027.hosting.ovh.net\/wp-content\/uploads\/2017\/11\/logo-Anccef-300x86.png","contentUrl":"http:\/\/conseia.cluster027.hosting.ovh.net\/wp-content\/uploads\/2017\/11\/logo-Anccef-300x86.png"},{"@type":"BreadcrumbList","@id":"https:\/\/conseil-conjugal-angers.org\/index.php\/qui-suis-je\/#breadcrumb","itemListElement":[{"@type":"ListItem","position":1,"name":"Home","item":"https:\/\/conseil-conjugal-angers.org\/"},{"@type":"ListItem","position":2,"name":"Qui suis-je ?"}]},{"@type":"WebSite","@id":"https:\/\/conseil-conjugal-angers.org\/#website","url":"https:\/\/conseil-conjugal-angers.org\/","name":"Gw\u00e9nola Desombre","description":"Conseill\u00e8re conjugale et familiale","potentialAction":[{"@type":"SearchAction","target":{"@type":"EntryPoint","urlTemplate":"https:\/\/conseil-conjugal-angers.org\/?s={search_term_string}"},"query-input":{"@type":"PropertyValueSpecification","valueRequired":true,"valueName":"search_term_string"}}],"inLanguage":"fr-FR"}]}},"_links":{"self":[{"href":"https:\/\/conseil-conjugal-angers.org\/index.php\/wp-json\/wp\/v2\/pages\/199"}],"collection":[{"href":"https:\/\/conseil-conjugal-angers.org\/index.php\/wp-json\/wp\/v2\/pages"}],"about":[{"href":"https:\/\/conseil-conjugal-angers.org\/index.php\/wp-json\/wp\/v2\/types\/page"}],"author":[{"embeddable":true,"href":"https:\/\/conseil-conjugal-angers.org\/index.php\/wp-json\/wp\/v2\/users\/1"}],"replies":[{"embeddable":true,"href":"https:\/\/conseil-conjugal-angers.org\/index.php\/wp-json\/wp\/v2\/comments?post=199"}],"version-history":[{"count":0,"href":"https:\/\/conseil-conjugal-angers.org\/index.php\/wp-json\/wp\/v2\/pages\/199\/revisions"}],"wp:attachment":[{"href":"https:\/\/conseil-conjugal-angers.org\/index.php\/wp-json\/wp\/v2\/media?parent=199"}],"curies":[{"name":"wp","href":"https:\/\/api.w.org\/{rel}","templated":true}]}}